{"id":184,"date":"2022-04-27T09:37:08","date_gmt":"2022-04-27T09:37:08","guid":{"rendered":"https:\/\/yoga-for-din-indre-ro.dk\/?page_id=184"},"modified":"2024-05-21T12:57:50","modified_gmt":"2024-05-21T12:57:50","slug":"%f0%9f%a7%98%e2%99%80%ef%b8%8fvelkommen-til-%f0%9f%8c%b8-yoga-for-din-indre-ro-%f0%9f%8c%b8","status":"publish","type":"page","link":"https:\/\/yoga-for-din-indre-ro.dk\/?page_id=184","title":{"rendered":"Velkommen"},"content":{"rendered":"\n<p>Yoga kan v\u00e6re din vej til \u00f8get indre balance, ro i din krop og i dit sind.<\/p>\n\n\n\n<figure class=\"wp-block-image size-large\"><img fetchpriority=\"high\" decoding=\"async\" width=\"1024\" height=\"768\" src=\"https:\/\/yoga-for-din-indre-ro.dk\/wp-content\/uploads\/2022\/04\/IMG_5990-1024x768.jpeg\" alt=\"\" class=\"wp-image-151\" srcset=\"https:\/\/yoga-for-din-indre-ro.dk\/wp-content\/uploads\/2022\/04\/IMG_5990-1024x768.jpeg 1024w, https:\/\/yoga-for-din-indre-ro.dk\/wp-content\/uploads\/2022\/04\/IMG_5990-300x225.jpeg 300w, https:\/\/yoga-for-din-indre-ro.dk\/wp-content\/uploads\/2022\/04\/IMG_5990-768x576.jpeg 768w, https:\/\/yoga-for-din-indre-ro.dk\/wp-content\/uploads\/2022\/04\/IMG_5990-1536x1152.jpeg 1536w, https:\/\/yoga-for-din-indre-ro.dk\/wp-content\/uploads\/2022\/04\/IMG_5990-2048x1536.jpeg 2048w, https:\/\/yoga-for-din-indre-ro.dk\/wp-content\/uploads\/2022\/04\/IMG_5990-1140x855.jpeg 1140w\" sizes=\"(max-width: 1024px) 100vw, 1024px\" \/><figcaption class=\"wp-element-caption\">Yoga for din indre ro tilbyder bl.a. begivenheder med Yoga i naturen under \u00e5ben himmel, MediYoga og Personlig yogaundervisning med tid til dig og dine personlige behov.<\/figcaption><\/figure>\n\n\n\n<h2 class=\"wp-block-heading\">Yoga med Kirsten i Yoga for din indre ro<\/h2>\n\n\n\n<p>Kirstens yoga rummer bl.a. meditativ feel-good yoga, med blid hatha yoga, mindful flow yoga og n\u00e6rv\u00e6rende yin yoga. Det er yoga, hvor der er plads til dig, som du er, med den unikke krop, du har. Kirstens tilgang er at tilpasse yogastillingerne til netop din krop.<\/p>\n\n\n\n<p>Kirsten Wej Modvig er yogal\u00e6rer med &gt;500 timers yogal\u00e6rertr\u00e6ning ved Yoga Alliance certificerede undervisere, bl.a. ved Simon Krohn (Hatha Yoga), Stacy og Dave Dockins (Vinyasa Yoga) Bernie Clark (Yin Yoga), Trine Hedegaard (Yin Yoga), Lucia Seglie (Gravidyoga og Efterf\u00f8dselsyoga) og Ann Charlotte Monrad og har undervist i yoga siden 2019.&nbsp;&nbsp;&nbsp;&nbsp;&nbsp;&nbsp;&nbsp;&nbsp;&nbsp;<\/p>\n\n\n\n<h2 class=\"wp-block-heading\">Kontakt Kirsten <\/h2>\n\n\n\n<p>e-mail: yoga-for-din-indre-ro@outlook.dk<\/p>\n\n\n\n<h2 class=\"wp-block-heading\">F\u00f8lg Yoga for din indre ro  <\/h2>\n\n\n\n<figure class=\"wp-block-table\"><table><tbody><tr><td>Instagram: <a href=\"https:\/\/www.instagram.com\/yoga_for_din_indre_ro\/?hl=da\">Yoga_for_din_indre_ro<\/a><\/td><\/tr><\/tbody><\/table><\/figure>\n\n\n\n<figure class=\"wp-block-table\"><table><tbody><tr><td>Facebook: <a href=\"https:\/\/www.facebook.com\/Yoga-for-din-indre-ro-101101535890792\/\">Yoga for din indre ro<\/a><\/td><\/tr><\/tbody><\/table><\/figure>\n\n\n\n<p><\/p>\n\n\n\n                <div class=\"ml-embedded\" data-form=\"TWSO4h\"><\/div>\n            \n","protected":false},"excerpt":{"rendered":"<p>Yoga kan v\u00e6re din vej til \u00f8get indre balance, ro i din krop og i dit sind. Yoga med Kirsten i Yoga for din indre ro Kirstens yoga rummer bl.a. meditativ feel-good yoga, med blid hatha yoga, mindful flow yoga og n\u00e6rv\u00e6rende yin yoga. Det er yoga, hvor der er plads til dig, som du er, med den unikke krop, du har. Kirstens tilgang er at tilpasse yogastillingerne til netop din krop. Kirsten Wej Modvig er yogal\u00e6rer med &gt;500 timers yogal\u00e6rertr\u00e6ning ved Yoga Alliance certificerede undervisere, bl.a. ved Simon Krohn (Hatha Yoga), Stacy og Dave Dockins (Vinyasa Yoga) Bernie Clark (Yin Yoga), Trine Hedegaard (Yin Yoga), Lucia Seglie (Gravidyoga og Efterf\u00f8dselsyoga) og Ann Charlotte Monrad og har undervist i yoga siden 2019.&nbsp;&nbsp;&nbsp;&nbsp;&nbsp;&nbsp;&nbsp;&nbsp;&nbsp; Kontakt Kirsten e-mail: yoga-for-din-indre-ro@outlook.dk F\u00f8lg Yoga for din indre ro Instagram: Yoga_for_din_indre_ro Facebook: Yoga for din indre ro<\/p>\n","protected":false},"author":1,"featured_media":0,"parent":0,"menu_order":0,"comment_status":"closed","ping_status":"closed","template":"","meta":{"footnotes":""},"class_list":["post-184","page","type-page","status-publish","hentry"],"_links":{"self":[{"href":"https:\/\/yoga-for-din-indre-ro.dk\/index.php?rest_route=\/wp\/v2\/pages\/184","targetHints":{"allow":["GET"]}}],"collection":[{"href":"https:\/\/yoga-for-din-indre-ro.dk\/index.php?rest_route=\/wp\/v2\/pages"}],"about":[{"href":"https:\/\/yoga-for-din-indre-ro.dk\/index.php?rest_route=\/wp\/v2\/types\/page"}],"author":[{"embeddable":true,"href":"https:\/\/yoga-for-din-indre-ro.dk\/index.php?rest_route=\/wp\/v2\/users\/1"}],"replies":[{"embeddable":true,"href":"https:\/\/yoga-for-din-indre-ro.dk\/index.php?rest_route=%2Fwp%2Fv2%2Fcomments&post=184"}],"version-history":[{"count":18,"href":"https:\/\/yoga-for-din-indre-ro.dk\/index.php?rest_route=\/wp\/v2\/pages\/184\/revisions"}],"predecessor-version":[{"id":872,"href":"https:\/\/yoga-for-din-indre-ro.dk\/index.php?rest_route=\/wp\/v2\/pages\/184\/revisions\/872"}],"wp:attachment":[{"href":"https:\/\/yoga-for-din-indre-ro.dk\/index.php?rest_route=%2Fwp%2Fv2%2Fmedia&parent=184"}],"curies":[{"name":"wp","href":"https:\/\/api.w.org\/{rel}","templated":true}]}}