{"id":874,"date":"2024-05-27T11:09:11","date_gmt":"2024-05-27T11:09:11","guid":{"rendered":"https:\/\/yoga-for-din-indre-ro.dk\/?page_id=874"},"modified":"2026-04-22T10:49:59","modified_gmt":"2026-04-22T10:49:59","slug":"hold","status":"publish","type":"page","link":"https:\/\/yoga-for-din-indre-ro.dk\/?page_id=874","title":{"rendered":"Hold"},"content":{"rendered":"\n<figure class=\"wp-block-image size-large\"><img fetchpriority=\"high\" decoding=\"async\" width=\"1024\" height=\"768\" src=\"https:\/\/yoga-for-din-indre-ro.dk\/wp-content\/uploads\/2025\/01\/MediYoga-sideboej-1024x768.jpeg\" alt=\"\" class=\"wp-image-969\" srcset=\"https:\/\/yoga-for-din-indre-ro.dk\/wp-content\/uploads\/2025\/01\/MediYoga-sideboej-1024x768.jpeg 1024w, https:\/\/yoga-for-din-indre-ro.dk\/wp-content\/uploads\/2025\/01\/MediYoga-sideboej-300x225.jpeg 300w, https:\/\/yoga-for-din-indre-ro.dk\/wp-content\/uploads\/2025\/01\/MediYoga-sideboej-768x576.jpeg 768w, https:\/\/yoga-for-din-indre-ro.dk\/wp-content\/uploads\/2025\/01\/MediYoga-sideboej-1536x1152.jpeg 1536w, https:\/\/yoga-for-din-indre-ro.dk\/wp-content\/uploads\/2025\/01\/MediYoga-sideboej-2048x1536.jpeg 2048w, https:\/\/yoga-for-din-indre-ro.dk\/wp-content\/uploads\/2025\/01\/MediYoga-sideboej-1140x855.jpeg 1140w\" sizes=\"(max-width: 1024px) 100vw, 1024px\" \/><\/figure>\n\n\n\n<p><\/p>\n\n\n\n<p>Du kan se holdoversigt herunder. Jeg tilbyder <a href=\"https:\/\/yoga-for-din-indre-ro.dk\/?page_id=761\" data-type=\"page\" data-id=\"761\">privat yogaundervisningsforl\u00f8b &#8211; kun for dig<\/a>  i Yoga for din indre ros eget lille yogalokale. FOF og LOF hold foreg\u00e5r i Sor\u00f8 p\u00e5 V\u00e6rkerne og i Dianalund i DeltaHuset samt i Slagelse p\u00e5 \u00d8stre Skole. Jeg har underviser ogs\u00e5 i Yoga2a1 p\u00e5 Frederiksberg ved Sor\u00f8.<br>Har du sp\u00f8rgsm\u00e5l, er du velkommen til at skrive til mig p\u00e5 yoga-for-din-indre-ro@outlook.dk<\/p>\n\n\n\n<p><strong>Mandage<\/strong><br><br>\ud83c\udf38 FOF Blid yoga (hensyntagende hold) i Slagelse kl. 9:15, jan-maj (hold nr. 156526) FULDT BOOKET<\/p>\n\n\n\n<p>\ud83c\udf1f Sommer forl\u00f8b (5x) <a href=\"https:\/\/www.fof.dk\/aftenskolen\/fof-syd-og-vestsjaelland\/blid-yoga?utm_source=google&amp;utm_medium=cpc&amp;utm_campaign=23353490582&amp;utm_term=&amp;utm_content=787870306057&amp;gad_source=1&amp;gad_campaignid=23353490582&amp;gbraid=0AAAAA93W67cpyk8kO8n4u82Se8SNNrG8d\">FOF Blid yoga<\/a> (hensyntagende hold, v\u00e6lg hold nr. 157826) i Slagelse kl. 9:15 <a href=\"https:\/\/www.fof.dk\/aftenskolen\/fof-syd-og-vestsjaelland\/blid-yoga?utm_source=google&amp;utm_medium=cpc&amp;utm_campaign=23353490582&amp;utm_term=&amp;utm_content=787870306057&amp;gad_source=1&amp;gad_campaignid=23353490582&amp;gbraid=0AAAAA93W67cpyk8kO8n4u82Se8SNNrG8d\"><em>maj-jun<\/em> (\u00e5bent for tilmelding)<\/a><\/p>\n\n\n\n<p>\ud83c\udf1f Sensommer forl\u00f8b (5x) <a href=\"https:\/\/www.fof.dk\/aftenskolen\/fof-syd-og-vestsjaelland\/blid-yoga?utm_source=google&amp;utm_medium=cpc&amp;utm_campaign=23353490582&amp;utm_term=&amp;utm_content=787870306057&amp;gad_source=1&amp;gad_campaignid=23353490582&amp;gbraid=0AAAAA93W67cpyk8kO8n4u82Se8SNNrG8d\">FOF Blid yoga<\/a> (hensyntagende hold, v\u00e6lg hold nr. 157926) i Slagelse kl. 9:15 <a href=\"https:\/\/www.fof.dk\/aftenskolen\/fof-syd-og-vestsjaelland\/blid-yoga?utm_source=google&amp;utm_medium=cpc&amp;utm_campaign=23353490582&amp;utm_term=&amp;utm_content=787870306057&amp;gad_source=1&amp;gad_campaignid=23353490582&amp;gbraid=0AAAAA93W67cpyk8kO8n4u82Se8SNNrG8d\"><em>august<\/em> (\u00e5bent for tilmelding)<\/a><\/p>\n\n\n\n<p><strong>Tirsdage<\/strong><\/p>\n\n\n\n<p>\ud83c\udf38 FOF Yin Yoga (hensyntagende hold) i Sor\u00f8 kl. 9.:15, <a href=\"https:\/\/www.fof.dk\/aftenskolen\/fof-syd-og-vestsjaelland\/yinyoga?holdnr=355826\">jan-maj (\u00e5bent for tilmelding)<\/a> Kontakt mig og pr\u00f8v gratis eller ring til FOF p\u00e5 tlf. 58 52 81 64 og aftal reduceret pris for tilbagev\u00e6rende forl\u00f8b.<\/p>\n\n\n\n<p>\ud83c\udf1f LOF Sommeryoga (6x) udend\u00f8rs forl\u00f8b i Sor\u00f8 kl. 10 <a href=\"https:\/\/lof.dk\/soroe\/kurser\/sommer-udetraening\/sommer-yoga-6-modegange-v-kirsten-w-modvig-id-261208\/\"><em>maj-jun<\/em> (\u00e5bent for tilmelding)<\/a>. <br>Vi g\u00e5r indenfor p\u00e5 V\u00e6rkerne ved uegnet vejr.<\/p>\n\n\n\n<p>\ud83c\udf1f LOF Sommeryoga (4x) udend\u00f8rs forl\u00f8b i Sor\u00f8 kl. 10 <a href=\"https:\/\/lof.dk\/soroe\/kurser\/sommer-udetraening\/sommer-yoga-4-modegange-v-kirsten-w-modvig-id-262208\/\"><em>aug<\/em> (\u00e5bent for tilmelding)<\/a>. <br>Vi g\u00e5r indenfor p\u00e5 V\u00e6rkerne ved uegnet vejr.<br><br>\ud83c\udf38 NYT Senior yoga i Yoga2a1 p\u00e5 Frederiksberg, Sor\u00f8 kl. 13:00, jan-jun (<a href=\"http:\/\/yoga2a1.dk\" data-type=\"link\" data-id=\"yoga2a1.dk\">Yoga2a1.dk<\/a>)<\/p>\n\n\n\n<p>\ud83c\udf38 LOF Fyraftens yoga i Sor\u00f8 kl. 16:15, <a href=\"https:\/\/lof.dk\/soroe\/kurser\/motion-bevaegelse\/yoga-afspaending\/fyraftens-yoga-v-kirsten-w-modvig-id-261201\">jan-jun (\u00c5bent for tilmelding)<\/a>. Reduceret pris opn\u00e5s ved senere tilmelding.<\/p>\n\n\n\n<p><strong>Onsdage<\/strong><\/p>\n\n\n\n<p>\ud83c\udf38 FOF Plus Size yoga i Sor\u00f8 kl. 9:15 <a href=\"https:\/\/www.fof.dk\/aftenskolen\/fof-syd-og-vestsjaelland\/plus-size-yoga\">jan-apr (\u00c5bent for tilmelding, v\u00e6lg hold nummer 355926)<\/a> Kontakt mig og pr\u00f8v gratis eller ring til FOF p\u00e5 tlf. 58 52 81 64 og aftal reduceret pris for tilbagev\u00e6rende forl\u00f8b.<\/p>\n\n\n\n<p>\ud83c\udf38 LOF Aften yoga i Sor\u00f8 kl. 17:15, <a href=\"https:\/\/lof.dk\/soroe\/kurser\/motion-bevaegelse\/yoga-afspaending\/aften-yoga-v-kirsten-w-modvig-id-252209\/\">jan-jun<\/a><\/p>\n\n\n\n<p><strong>Torsdage<\/strong><\/p>\n\n\n\n<p>\ud83c\udf38 LOF Yoga hensyntagende Dianalund, i Dianalund kl. 11.45 <a href=\"https:\/\/lof.dk\/soroe\/kurser\/motion-bevaegelse\/yoga-afspaending\/yoga-hensyntagende-dianalund-id-262207\/\">apr-jun<\/a><\/p>\n\n\n\n<p><strong>Fredage<\/strong><\/p>\n\n\n\n<p>\ud83c\udf38 FOF Blid yoga i Sor\u00f8 kl. 9.15, <a href=\"https:\/\/www.fof.dk\/aftenskolen\/fof-syd-og-vestsjaelland\/blid-yoga?holdnr=350325\">jan-maj (\u00c5bent for tilmelding)<\/a> Kontakt mig og pr\u00f8v gratis eller ring til FOF p\u00e5 tlf. 58 52 81 64 og aftal reduceret pris for tilbagev\u00e6rende forl\u00f8b.<\/p>\n\n\n\n<p><\/p>\n\n\n\n<p><\/p>\n","protected":false},"excerpt":{"rendered":"<p>Du kan se holdoversigt herunder. Jeg tilbyder privat yogaundervisningsforl\u00f8b &#8211; kun for dig i Yoga for din indre ros eget lille yogalokale. FOF og LOF hold foreg\u00e5r i Sor\u00f8 p\u00e5 V\u00e6rkerne og i Dianalund i DeltaHuset samt i Slagelse p\u00e5 \u00d8stre Skole. Jeg har underviser ogs\u00e5 i Yoga2a1 p\u00e5 Frederiksberg ved Sor\u00f8.Har du sp\u00f8rgsm\u00e5l, er du velkommen til at skrive til mig p\u00e5 yoga-for-din-indre-ro@outlook.dk Mandage \ud83c\udf38 FOF Blid yoga (hensyntagende hold) i Slagelse kl. 9:15, jan-maj (hold nr. 156526) FULDT BOOKET \ud83c\udf1f Sommer forl\u00f8b (5x) FOF Blid yoga (hensyntagende hold, v\u00e6lg hold nr. 157826) i Slagelse kl. 9:15 maj-jun (\u00e5bent for tilmelding) \ud83c\udf1f Sensommer forl\u00f8b (5x) FOF Blid yoga (hensyntagende hold, v\u00e6lg hold nr. 157926) i Slagelse kl. 9:15 august (\u00e5bent for tilmelding) Tirsdage \ud83c\udf38 FOF Yin Yoga (hensyntagende hold) i Sor\u00f8 kl. 9.:15, jan-maj (\u00e5bent for tilmelding) Kontakt mig og pr\u00f8v gratis eller ring til FOF p\u00e5 tlf. 58 52 81 64 og aftal reduceret pris for tilbagev\u00e6rende forl\u00f8b. \ud83c\udf1f LOF Sommeryoga (6x) udend\u00f8rs forl\u00f8b i Sor\u00f8 kl. 10 maj-jun (\u00e5bent for tilmelding). Vi g\u00e5r indenfor p\u00e5 V\u00e6rkerne ved uegnet vejr. \ud83c\udf1f LOF Sommeryoga (4x) udend\u00f8rs forl\u00f8b i Sor\u00f8 kl. 10 aug (\u00e5bent for tilmelding). Vi g\u00e5r indenfor p\u00e5 V\u00e6rkerne ved uegnet vejr. \ud83c\udf38 NYT Senior yoga i Yoga2a1 p\u00e5 Frederiksberg, Sor\u00f8 kl. 13:00, jan-jun (Yoga2a1.dk) \ud83c\udf38 LOF Fyraftens yoga i Sor\u00f8 kl. 16:15, jan-jun (\u00c5bent for tilmelding). Reduceret pris opn\u00e5s ved senere tilmelding. Onsdage \ud83c\udf38 FOF Plus Size yoga i Sor\u00f8 kl. 9:15 jan-apr (\u00c5bent for tilmelding, v\u00e6lg hold nummer 355926) Kontakt mig og pr\u00f8v gratis eller ring til FOF p\u00e5 tlf. 58 52 81 64 og aftal reduceret pris for tilbagev\u00e6rende forl\u00f8b. \ud83c\udf38 LOF Aften yoga i Sor\u00f8 kl. 17:15, jan-jun Torsdage \ud83c\udf38 LOF Yoga hensyntagende Dianalund, i Dianalund kl. 11.45 apr-jun Fredage \ud83c\udf38 FOF Blid yoga i Sor\u00f8 kl. 9.15, jan-maj (\u00c5bent for tilmelding) Kontakt mig og pr\u00f8v gratis eller ring til FOF p\u00e5 tlf. 58 52 81 64 og aftal reduceret pris for tilbagev\u00e6rende forl\u00f8b.<\/p>\n","protected":false},"author":1,"featured_media":0,"parent":0,"menu_order":0,"comment_status":"closed","ping_status":"closed","template":"","meta":{"footnotes":""},"class_list":["post-874","page","type-page","status-publish","hentry"],"_links":{"self":[{"href":"https:\/\/yoga-for-din-indre-ro.dk\/index.php?rest_route=\/wp\/v2\/pages\/874","targetHints":{"allow":["GET"]}}],"collection":[{"href":"https:\/\/yoga-for-din-indre-ro.dk\/index.php?rest_route=\/wp\/v2\/pages"}],"about":[{"href":"https:\/\/yoga-for-din-indre-ro.dk\/index.php?rest_route=\/wp\/v2\/types\/page"}],"author":[{"embeddable":true,"href":"https:\/\/yoga-for-din-indre-ro.dk\/index.php?rest_route=\/wp\/v2\/users\/1"}],"replies":[{"embeddable":true,"href":"https:\/\/yoga-for-din-indre-ro.dk\/index.php?rest_route=%2Fwp%2Fv2%2Fcomments&post=874"}],"version-history":[{"count":155,"href":"https:\/\/yoga-for-din-indre-ro.dk\/index.php?rest_route=\/wp\/v2\/pages\/874\/revisions"}],"predecessor-version":[{"id":1080,"href":"https:\/\/yoga-for-din-indre-ro.dk\/index.php?rest_route=\/wp\/v2\/pages\/874\/revisions\/1080"}],"wp:attachment":[{"href":"https:\/\/yoga-for-din-indre-ro.dk\/index.php?rest_route=%2Fwp%2Fv2%2Fmedia&parent=874"}],"curies":[{"name":"wp","href":"https:\/\/api.w.org\/{rel}","templated":true}]}}